{"id":1046,"date":"2025-03-04T13:18:13","date_gmt":"2025-03-04T11:18:13","guid":{"rendered":"https:\/\/teddybaby.md\/?post_type=product&#038;p=1046"},"modified":"2025-03-04T13:18:13","modified_gmt":"2025-03-04T11:18:13","slug":"costum-roz","status":"publish","type":"product","link":"https:\/\/teddybaby.md\/?product=costum-roz","title":{"rendered":"Costum Roz"},"content":{"rendered":"<p>Costum Roz. 2 piese. \u021aesetur\u0103 2 fire. Desen imprimat.<\/p>\n<p>M\u0103rimi la v\u00e2rsta 9 luni, 12 luni, 18 luni, 24 luni<\/p>\n","protected":false},"excerpt":{"rendered":"<p>Costum Roz. 2 piese. \u021aesetur\u0103 2 fire. Desen imprimat. M\u0103rimi la v\u00e2rsta 9 luni, 12 luni, 18 luni, 24 luni<\/p>\n","protected":false},"featured_media":1047,"template":"","meta":[],"product_brand":[],"product_cat":[35,17],"product_tag":[215],"class_list":{"0":"post-1046","1":"product","2":"type-product","3":"status-publish","4":"has-post-thumbnail","6":"product_cat-fetite","7":"product_cat-nounascuti","8":"product_tag-t3920","10":"first","11":"instock","12":"shipping-taxable","13":"purchasable","14":"product-type-simple"},"jetpack_sharing_enabled":true,"_links":{"self":[{"href":"https:\/\/teddybaby.md\/index.php?rest_route=\/wp\/v2\/product\/1046","targetHints":{"allow":["GET"]}}],"collection":[{"href":"https:\/\/teddybaby.md\/index.php?rest_route=\/wp\/v2\/product"}],"about":[{"href":"https:\/\/teddybaby.md\/index.php?rest_route=\/wp\/v2\/types\/product"}],"wp:featuredmedia":[{"embeddable":true,"href":"https:\/\/teddybaby.md\/index.php?rest_route=\/wp\/v2\/media\/1047"}],"wp:attachment":[{"href":"https:\/\/teddybaby.md\/index.php?rest_route=%2Fwp%2Fv2%2Fmedia&parent=1046"}],"wp:term":[{"taxonomy":"product_brand","embeddable":true,"href":"https:\/\/teddybaby.md\/index.php?rest_route=%2Fwp%2Fv2%2Fproduct_brand&post=1046"},{"taxonomy":"product_cat","embeddable":true,"href":"https:\/\/teddybaby.md\/index.php?rest_route=%2Fwp%2Fv2%2Fproduct_cat&post=1046"},{"taxonomy":"product_tag","embeddable":true,"href":"https:\/\/teddybaby.md\/index.php?rest_route=%2Fwp%2Fv2%2Fproduct_tag&post=1046"}],"curies":[{"name":"wp","href":"https:\/\/api.w.org\/{rel}","templated":true}]}}