{"id":1314,"date":"2026-03-05T12:35:21","date_gmt":"2026-03-05T10:35:21","guid":{"rendered":"https:\/\/teddybaby.md\/?post_type=product&#038;p=1314"},"modified":"2026-03-05T12:35:22","modified_gmt":"2026-03-05T10:35:22","slug":"costum-dino-2","status":"publish","type":"product","link":"https:\/\/teddybaby.md\/?product=costum-dino-2","title":{"rendered":"Costum Dino"},"content":{"rendered":"<p><span style=\"font-size: 1rem;\">Costum Dino<\/span>. \u021aesetur\u0103 doua fire. Fermnuar. Desen brodat<\/p>\n<p>M\u0103rimi la v\u00eersta 1 ani, 2 ani, 3 ani, 4 ani, 5 ani<\/p>\n","protected":false},"excerpt":{"rendered":"<p>Costum Dino. \u021aesetur\u0103 doua fire. Fermnuar. Desen brodat M\u0103rimi la v\u00eersta 1 ani, 2 ani, 3 ani, 4 ani, 5 ani<\/p>\n","protected":false},"featured_media":1315,"template":"","meta":[],"product_brand":[],"product_cat":[36],"product_tag":[45],"class_list":{"0":"post-1314","1":"product","2":"type-product","3":"status-publish","4":"has-post-thumbnail","6":"product_cat-baitei","7":"product_tag-dv282","9":"first","10":"instock","11":"shipping-taxable","12":"purchasable","13":"product-type-simple"},"jetpack_sharing_enabled":true,"_links":{"self":[{"href":"https:\/\/teddybaby.md\/index.php?rest_route=\/wp\/v2\/product\/1314","targetHints":{"allow":["GET"]}}],"collection":[{"href":"https:\/\/teddybaby.md\/index.php?rest_route=\/wp\/v2\/product"}],"about":[{"href":"https:\/\/teddybaby.md\/index.php?rest_route=\/wp\/v2\/types\/product"}],"wp:featuredmedia":[{"embeddable":true,"href":"https:\/\/teddybaby.md\/index.php?rest_route=\/wp\/v2\/media\/1315"}],"wp:attachment":[{"href":"https:\/\/teddybaby.md\/index.php?rest_route=%2Fwp%2Fv2%2Fmedia&parent=1314"}],"wp:term":[{"taxonomy":"product_brand","embeddable":true,"href":"https:\/\/teddybaby.md\/index.php?rest_route=%2Fwp%2Fv2%2Fproduct_brand&post=1314"},{"taxonomy":"product_cat","embeddable":true,"href":"https:\/\/teddybaby.md\/index.php?rest_route=%2Fwp%2Fv2%2Fproduct_cat&post=1314"},{"taxonomy":"product_tag","embeddable":true,"href":"https:\/\/teddybaby.md\/index.php?rest_route=%2Fwp%2Fv2%2Fproduct_tag&post=1314"}],"curies":[{"name":"wp","href":"https:\/\/api.w.org\/{rel}","templated":true}]}}