{"id":1330,"date":"2026-03-12T10:59:32","date_gmt":"2026-03-12T08:59:32","guid":{"rendered":"https:\/\/teddybaby.md\/?post_type=product&#038;p=1330"},"modified":"2026-03-12T10:59:32","modified_gmt":"2026-03-12T08:59:32","slug":"costumase-bant","status":"publish","type":"product","link":"https:\/\/teddybaby.md\/?product=costumase-bant","title":{"rendered":"Costuma\u0219e Bant"},"content":{"rendered":"<p>Costuma\u0219e Feti\u021be. \u021aesetur\u0103 2 fire. Desen aplicat.<\/p>\n<p>M\u0103rimi la v\u00eersta 2 ani, 3 ani, 4 ani, 5 ani<\/p>\n","protected":false},"excerpt":{"rendered":"<p>Costuma\u0219e Feti\u021be. \u021aesetur\u0103 2 fire. Desen aplicat. M\u0103rimi la v\u00eersta 2 ani, 3 ani, 4 ani, 5 ani<\/p>\n","protected":false},"featured_media":1332,"template":"","meta":[],"product_brand":[],"product_cat":[35],"product_tag":[226],"class_list":{"0":"post-1330","1":"product","2":"type-product","3":"status-publish","4":"has-post-thumbnail","6":"product_cat-fetite","7":"product_tag-t10284","9":"first","10":"instock","11":"shipping-taxable","12":"purchasable","13":"product-type-simple"},"jetpack_sharing_enabled":true,"_links":{"self":[{"href":"https:\/\/teddybaby.md\/index.php?rest_route=\/wp\/v2\/product\/1330","targetHints":{"allow":["GET"]}}],"collection":[{"href":"https:\/\/teddybaby.md\/index.php?rest_route=\/wp\/v2\/product"}],"about":[{"href":"https:\/\/teddybaby.md\/index.php?rest_route=\/wp\/v2\/types\/product"}],"wp:featuredmedia":[{"embeddable":true,"href":"https:\/\/teddybaby.md\/index.php?rest_route=\/wp\/v2\/media\/1332"}],"wp:attachment":[{"href":"https:\/\/teddybaby.md\/index.php?rest_route=%2Fwp%2Fv2%2Fmedia&parent=1330"}],"wp:term":[{"taxonomy":"product_brand","embeddable":true,"href":"https:\/\/teddybaby.md\/index.php?rest_route=%2Fwp%2Fv2%2Fproduct_brand&post=1330"},{"taxonomy":"product_cat","embeddable":true,"href":"https:\/\/teddybaby.md\/index.php?rest_route=%2Fwp%2Fv2%2Fproduct_cat&post=1330"},{"taxonomy":"product_tag","embeddable":true,"href":"https:\/\/teddybaby.md\/index.php?rest_route=%2Fwp%2Fv2%2Fproduct_tag&post=1330"}],"curies":[{"name":"wp","href":"https:\/\/api.w.org\/{rel}","templated":true}]}}