{"id":1347,"date":"2026-03-31T09:14:07","date_gmt":"2026-03-31T07:14:07","guid":{"rendered":"https:\/\/teddybaby.md\/?post_type=product&#038;p=1347"},"modified":"2026-03-31T09:14:07","modified_gmt":"2026-03-31T07:14:07","slug":"costum-bear","status":"publish","type":"product","link":"https:\/\/teddybaby.md\/?product=costum-bear","title":{"rendered":"Costum Bear"},"content":{"rendered":"<p>Costum b\u0103i\u021bei 2 ps. \u021aesetur\u0103 2 fire. Desen imprimat.<\/p>\n<p>M\u0103rimi la v\u00e2rsta 1 an, 2 ani 3 ani<\/p>\n","protected":false},"excerpt":{"rendered":"<p>Costum b\u0103i\u021bei 2 ps. \u021aesetur\u0103 2 fire. Desen imprimat. M\u0103rimi la v\u00e2rsta 1 an, 2 ani 3 ani<\/p>\n","protected":false},"featured_media":1348,"template":"","meta":[],"product_brand":[],"product_cat":[36,17],"product_tag":[228],"class_list":{"0":"post-1347","1":"product","2":"type-product","3":"status-publish","4":"has-post-thumbnail","6":"product_cat-baitei","7":"product_cat-nounascuti","8":"product_tag-t1029","10":"first","11":"instock","12":"shipping-taxable","13":"purchasable","14":"product-type-simple"},"jetpack_sharing_enabled":true,"_links":{"self":[{"href":"https:\/\/teddybaby.md\/index.php?rest_route=\/wp\/v2\/product\/1347","targetHints":{"allow":["GET"]}}],"collection":[{"href":"https:\/\/teddybaby.md\/index.php?rest_route=\/wp\/v2\/product"}],"about":[{"href":"https:\/\/teddybaby.md\/index.php?rest_route=\/wp\/v2\/types\/product"}],"wp:featuredmedia":[{"embeddable":true,"href":"https:\/\/teddybaby.md\/index.php?rest_route=\/wp\/v2\/media\/1348"}],"wp:attachment":[{"href":"https:\/\/teddybaby.md\/index.php?rest_route=%2Fwp%2Fv2%2Fmedia&parent=1347"}],"wp:term":[{"taxonomy":"product_brand","embeddable":true,"href":"https:\/\/teddybaby.md\/index.php?rest_route=%2Fwp%2Fv2%2Fproduct_brand&post=1347"},{"taxonomy":"product_cat","embeddable":true,"href":"https:\/\/teddybaby.md\/index.php?rest_route=%2Fwp%2Fv2%2Fproduct_cat&post=1347"},{"taxonomy":"product_tag","embeddable":true,"href":"https:\/\/teddybaby.md\/index.php?rest_route=%2Fwp%2Fv2%2Fproduct_tag&post=1347"}],"curies":[{"name":"wp","href":"https:\/\/api.w.org\/{rel}","templated":true}]}}