{"id":1358,"date":"2026-03-31T09:34:57","date_gmt":"2026-03-31T07:34:57","guid":{"rendered":"https:\/\/teddybaby.md\/?post_type=product&#038;p=1358"},"modified":"2026-03-31T09:34:58","modified_gmt":"2026-03-31T07:34:58","slug":"costum-set-cu-body","status":"publish","type":"product","link":"https:\/\/teddybaby.md\/?product=costum-set-cu-body","title":{"rendered":"Costum set cu body"},"content":{"rendered":"<p>Costum b\u0103i\u021bei 2 ps. Body, pantalona\u0219i. \u021aesetur\u0103 bumbac 2 fire. Desen imprimat.<\/p>\n<p>M\u0103rimi la v\u00e2rsta 3 luni, 6 luni, 9 luni, 12 luni<\/p>\n","protected":false},"excerpt":{"rendered":"<p>Costum b\u0103i\u021bei 2 ps. Body, pantalona\u0219i. \u021aesetur\u0103 bumbac 2 fire. Desen imprimat. M\u0103rimi la v\u00e2rsta 3 luni, 6 luni, 9 luni, 12 luni<\/p>\n","protected":false},"featured_media":1357,"template":"","meta":[],"product_brand":[],"product_cat":[17],"product_tag":[230],"class_list":{"0":"post-1358","1":"product","2":"type-product","3":"status-publish","4":"has-post-thumbnail","6":"product_cat-nounascuti","7":"product_tag-t2977","9":"first","10":"instock","11":"shipping-taxable","12":"purchasable","13":"product-type-simple"},"jetpack_sharing_enabled":true,"_links":{"self":[{"href":"https:\/\/teddybaby.md\/index.php?rest_route=\/wp\/v2\/product\/1358","targetHints":{"allow":["GET"]}}],"collection":[{"href":"https:\/\/teddybaby.md\/index.php?rest_route=\/wp\/v2\/product"}],"about":[{"href":"https:\/\/teddybaby.md\/index.php?rest_route=\/wp\/v2\/types\/product"}],"wp:featuredmedia":[{"embeddable":true,"href":"https:\/\/teddybaby.md\/index.php?rest_route=\/wp\/v2\/media\/1357"}],"wp:attachment":[{"href":"https:\/\/teddybaby.md\/index.php?rest_route=%2Fwp%2Fv2%2Fmedia&parent=1358"}],"wp:term":[{"taxonomy":"product_brand","embeddable":true,"href":"https:\/\/teddybaby.md\/index.php?rest_route=%2Fwp%2Fv2%2Fproduct_brand&post=1358"},{"taxonomy":"product_cat","embeddable":true,"href":"https:\/\/teddybaby.md\/index.php?rest_route=%2Fwp%2Fv2%2Fproduct_cat&post=1358"},{"taxonomy":"product_tag","embeddable":true,"href":"https:\/\/teddybaby.md\/index.php?rest_route=%2Fwp%2Fv2%2Fproduct_tag&post=1358"}],"curies":[{"name":"wp","href":"https:\/\/api.w.org\/{rel}","templated":true}]}}