{"id":172,"date":"2022-12-09T17:31:46","date_gmt":"2022-12-09T15:31:46","guid":{"rendered":"https:\/\/teddybaby.md\/?post_type=product&#038;p=172"},"modified":"2023-05-03T10:59:46","modified_gmt":"2023-05-03T08:59:46","slug":"costum-gentelman-2","status":"publish","type":"product","link":"https:\/\/teddybaby.md\/?product=costum-gentelman-2","title":{"rendered":"Costum Gentelman"},"content":{"rendered":"<p>Costum Gentelman. 3 piese. Cofti\u021b\u0103, body m\u00eenica lung\u0103, pantalona\u0219i. Bumbac 60%, poliester 40%<\/p>\n<p>Marimea 56, 62, 68, 74, 80, 86<\/p>\n","protected":false},"excerpt":{"rendered":"<p>Costum Gentelman. 3 piese. Cofti\u021b\u0103, body m\u00eenica lung\u0103, pantalona\u0219i. Bumbac 60%, poliester 40% Marimea 56, 62, 68, 74, 80, 86<\/p>\n","protected":false},"featured_media":173,"template":"","meta":[],"product_brand":[],"product_cat":[17],"product_tag":[42],"class_list":{"0":"post-172","1":"product","2":"type-product","3":"status-publish","4":"has-post-thumbnail","6":"product_cat-nounascuti","7":"product_tag-dv13","9":"first","10":"instock","11":"shipping-taxable","12":"purchasable","13":"product-type-simple"},"jetpack_sharing_enabled":true,"_links":{"self":[{"href":"https:\/\/teddybaby.md\/index.php?rest_route=\/wp\/v2\/product\/172","targetHints":{"allow":["GET"]}}],"collection":[{"href":"https:\/\/teddybaby.md\/index.php?rest_route=\/wp\/v2\/product"}],"about":[{"href":"https:\/\/teddybaby.md\/index.php?rest_route=\/wp\/v2\/types\/product"}],"wp:featuredmedia":[{"embeddable":true,"href":"https:\/\/teddybaby.md\/index.php?rest_route=\/wp\/v2\/media\/173"}],"wp:attachment":[{"href":"https:\/\/teddybaby.md\/index.php?rest_route=%2Fwp%2Fv2%2Fmedia&parent=172"}],"wp:term":[{"taxonomy":"product_brand","embeddable":true,"href":"https:\/\/teddybaby.md\/index.php?rest_route=%2Fwp%2Fv2%2Fproduct_brand&post=172"},{"taxonomy":"product_cat","embeddable":true,"href":"https:\/\/teddybaby.md\/index.php?rest_route=%2Fwp%2Fv2%2Fproduct_cat&post=172"},{"taxonomy":"product_tag","embeddable":true,"href":"https:\/\/teddybaby.md\/index.php?rest_route=%2Fwp%2Fv2%2Fproduct_tag&post=172"}],"curies":[{"name":"wp","href":"https:\/\/api.w.org\/{rel}","templated":true}]}}