{"id":204,"date":"2022-12-10T13:48:14","date_gmt":"2022-12-10T11:48:14","guid":{"rendered":"https:\/\/teddybaby.md\/?post_type=product&#038;p=204"},"modified":"2023-07-14T11:11:42","modified_gmt":"2023-07-14T09:11:42","slug":"maleta","status":"publish","type":"product","link":"https:\/\/teddybaby.md\/?product=maleta","title":{"rendered":"Malet\u0103"},"content":{"rendered":"<p>Malet\u0103 cu g\u00eet. Rebana.<\/p>\n<p>Marimi la virsta 2 ani, 3 ani, 4 ani, 5 ani, 6 ani, 7 ani, 8 ani, 9 ani, 10 ani, 11 ani, 12 ani.<\/p>\n","protected":false},"excerpt":{"rendered":"<p>Malet\u0103 cu g\u00eet. Rebana. Marimi la virsta 2 ani, 3 ani, 4 ani, 5 ani, 6 ani, 7 ani, 8 ani, 9 ani, 10 ani, 11 ani, 12 ani.<\/p>\n","protected":false},"featured_media":205,"template":"","meta":[],"product_brand":[],"product_cat":[36,35,125],"product_tag":[47],"class_list":{"0":"post-204","1":"product","2":"type-product","3":"status-publish","4":"has-post-thumbnail","6":"product_cat-baitei","7":"product_cat-fetite","8":"product_cat-scoala","9":"product_tag-dv14","11":"first","12":"instock","13":"shipping-taxable","14":"purchasable","15":"product-type-simple"},"jetpack_sharing_enabled":true,"_links":{"self":[{"href":"https:\/\/teddybaby.md\/index.php?rest_route=\/wp\/v2\/product\/204","targetHints":{"allow":["GET"]}}],"collection":[{"href":"https:\/\/teddybaby.md\/index.php?rest_route=\/wp\/v2\/product"}],"about":[{"href":"https:\/\/teddybaby.md\/index.php?rest_route=\/wp\/v2\/types\/product"}],"wp:featuredmedia":[{"embeddable":true,"href":"https:\/\/teddybaby.md\/index.php?rest_route=\/wp\/v2\/media\/205"}],"wp:attachment":[{"href":"https:\/\/teddybaby.md\/index.php?rest_route=%2Fwp%2Fv2%2Fmedia&parent=204"}],"wp:term":[{"taxonomy":"product_brand","embeddable":true,"href":"https:\/\/teddybaby.md\/index.php?rest_route=%2Fwp%2Fv2%2Fproduct_brand&post=204"},{"taxonomy":"product_cat","embeddable":true,"href":"https:\/\/teddybaby.md\/index.php?rest_route=%2Fwp%2Fv2%2Fproduct_cat&post=204"},{"taxonomy":"product_tag","embeddable":true,"href":"https:\/\/teddybaby.md\/index.php?rest_route=%2Fwp%2Fv2%2Fproduct_tag&post=204"}],"curies":[{"name":"wp","href":"https:\/\/api.w.org\/{rel}","templated":true}]}}