{"id":261,"date":"2022-12-14T14:46:44","date_gmt":"2022-12-14T12:46:44","guid":{"rendered":"https:\/\/teddybaby.md\/?post_type=product&#038;p=261"},"modified":"2022-12-14T14:46:44","modified_gmt":"2022-12-14T12:46:44","slug":"costum-pistrui","status":"publish","type":"product","link":"https:\/\/teddybaby.md\/?product=costum-pistrui","title":{"rendered":"Costum Pistrui"},"content":{"rendered":"<p>Costum dou\u0103 piese. Bumbac trei fire. Desen imprimat<\/p>\n<p>M\u0103rimi la v\u00eersta 1 an, 2 ani, 3 ani.<\/p>\n","protected":false},"excerpt":{"rendered":"<p>Costum dou\u0103 piese. Bumbac trei fire. Desen imprimat M\u0103rimi la v\u00eersta 1 an, 2 ani, 3 ani.<\/p>\n","protected":false},"featured_media":262,"template":"","meta":[],"product_brand":[],"product_cat":[35,17],"product_tag":[55],"class_list":{"0":"post-261","1":"product","2":"type-product","3":"status-publish","4":"has-post-thumbnail","6":"product_cat-fetite","7":"product_cat-nounascuti","8":"product_tag-t5866","10":"first","11":"instock","12":"shipping-taxable","13":"purchasable","14":"product-type-simple"},"jetpack_sharing_enabled":true,"_links":{"self":[{"href":"https:\/\/teddybaby.md\/index.php?rest_route=\/wp\/v2\/product\/261","targetHints":{"allow":["GET"]}}],"collection":[{"href":"https:\/\/teddybaby.md\/index.php?rest_route=\/wp\/v2\/product"}],"about":[{"href":"https:\/\/teddybaby.md\/index.php?rest_route=\/wp\/v2\/types\/product"}],"wp:featuredmedia":[{"embeddable":true,"href":"https:\/\/teddybaby.md\/index.php?rest_route=\/wp\/v2\/media\/262"}],"wp:attachment":[{"href":"https:\/\/teddybaby.md\/index.php?rest_route=%2Fwp%2Fv2%2Fmedia&parent=261"}],"wp:term":[{"taxonomy":"product_brand","embeddable":true,"href":"https:\/\/teddybaby.md\/index.php?rest_route=%2Fwp%2Fv2%2Fproduct_brand&post=261"},{"taxonomy":"product_cat","embeddable":true,"href":"https:\/\/teddybaby.md\/index.php?rest_route=%2Fwp%2Fv2%2Fproduct_cat&post=261"},{"taxonomy":"product_tag","embeddable":true,"href":"https:\/\/teddybaby.md\/index.php?rest_route=%2Fwp%2Fv2%2Fproduct_tag&post=261"}],"curies":[{"name":"wp","href":"https:\/\/api.w.org\/{rel}","templated":true}]}}