{"id":293,"date":"2022-12-21T10:35:05","date_gmt":"2022-12-21T08:35:05","guid":{"rendered":"https:\/\/teddybaby.md\/?post_type=product&#038;p=293"},"modified":"2022-12-21T10:35:06","modified_gmt":"2022-12-21T08:35:06","slug":"costum-mini-bant","status":"publish","type":"product","link":"https:\/\/teddybaby.md\/?product=costum-mini-bant","title":{"rendered":"Costum Mini Bant"},"content":{"rendered":"<p>Costum bufanat \u021besetur\u0103 3 fire. Desen aplicat.<\/p>\n<p>M\u0103rimi la v\u00eersta 2 ani, 3 ani, 4 ani, 5 ani, 6 ani, 7 ani<\/p>\n","protected":false},"excerpt":{"rendered":"<p>Costum bufanat \u021besetur\u0103 3 fire. Desen aplicat. M\u0103rimi la v\u00eersta 2 ani, 3 ani, 4 ani, 5 ani, 6 ani, 7 ani<\/p>\n","protected":false},"featured_media":294,"template":"","meta":[],"product_brand":[],"product_cat":[35],"product_tag":[39],"class_list":{"0":"post-293","1":"product","2":"type-product","3":"status-publish","4":"has-post-thumbnail","6":"product_cat-fetite","7":"product_tag-dv235","9":"first","10":"instock","11":"shipping-taxable","12":"purchasable","13":"product-type-simple"},"jetpack_sharing_enabled":true,"_links":{"self":[{"href":"https:\/\/teddybaby.md\/index.php?rest_route=\/wp\/v2\/product\/293","targetHints":{"allow":["GET"]}}],"collection":[{"href":"https:\/\/teddybaby.md\/index.php?rest_route=\/wp\/v2\/product"}],"about":[{"href":"https:\/\/teddybaby.md\/index.php?rest_route=\/wp\/v2\/types\/product"}],"wp:featuredmedia":[{"embeddable":true,"href":"https:\/\/teddybaby.md\/index.php?rest_route=\/wp\/v2\/media\/294"}],"wp:attachment":[{"href":"https:\/\/teddybaby.md\/index.php?rest_route=%2Fwp%2Fv2%2Fmedia&parent=293"}],"wp:term":[{"taxonomy":"product_brand","embeddable":true,"href":"https:\/\/teddybaby.md\/index.php?rest_route=%2Fwp%2Fv2%2Fproduct_brand&post=293"},{"taxonomy":"product_cat","embeddable":true,"href":"https:\/\/teddybaby.md\/index.php?rest_route=%2Fwp%2Fv2%2Fproduct_cat&post=293"},{"taxonomy":"product_tag","embeddable":true,"href":"https:\/\/teddybaby.md\/index.php?rest_route=%2Fwp%2Fv2%2Fproduct_tag&post=293"}],"curies":[{"name":"wp","href":"https:\/\/api.w.org\/{rel}","templated":true}]}}