{"id":297,"date":"2022-12-21T10:43:32","date_gmt":"2022-12-21T08:43:32","guid":{"rendered":"https:\/\/teddybaby.md\/?post_type=product&#038;p=297"},"modified":"2022-12-21T10:46:45","modified_gmt":"2022-12-21T08:46:45","slug":"costum-ursulet","status":"publish","type":"product","link":"https:\/\/teddybaby.md\/?product=costum-ursulet","title":{"rendered":"Costum Ursule\u021b"},"content":{"rendered":"<p>Costum bufanat \u021besetur\u0103 3 fire. Desen aplicat.<\/p>\n<p>M\u0103rimi la v\u00eersta 2 ani, 3 ani, 4 ani, 5 ani, 6 ani, 7 ani<\/p>\n","protected":false},"excerpt":{"rendered":"<p>Costum bufanat \u021besetur\u0103 3 fire. Desen aplicat. M\u0103rimi la v\u00eersta 2 ani, 3 ani, 4 ani, 5 ani, 6 ani, 7 ani<\/p>\n","protected":false},"featured_media":298,"template":"","meta":[],"product_brand":[],"product_cat":[36,35],"product_tag":[39],"class_list":{"0":"post-297","1":"product","2":"type-product","3":"status-publish","4":"has-post-thumbnail","6":"product_cat-baitei","7":"product_cat-fetite","8":"product_tag-dv235","10":"first","11":"instock","12":"shipping-taxable","13":"purchasable","14":"product-type-simple"},"jetpack_sharing_enabled":true,"_links":{"self":[{"href":"https:\/\/teddybaby.md\/index.php?rest_route=\/wp\/v2\/product\/297","targetHints":{"allow":["GET"]}}],"collection":[{"href":"https:\/\/teddybaby.md\/index.php?rest_route=\/wp\/v2\/product"}],"about":[{"href":"https:\/\/teddybaby.md\/index.php?rest_route=\/wp\/v2\/types\/product"}],"wp:featuredmedia":[{"embeddable":true,"href":"https:\/\/teddybaby.md\/index.php?rest_route=\/wp\/v2\/media\/298"}],"wp:attachment":[{"href":"https:\/\/teddybaby.md\/index.php?rest_route=%2Fwp%2Fv2%2Fmedia&parent=297"}],"wp:term":[{"taxonomy":"product_brand","embeddable":true,"href":"https:\/\/teddybaby.md\/index.php?rest_route=%2Fwp%2Fv2%2Fproduct_brand&post=297"},{"taxonomy":"product_cat","embeddable":true,"href":"https:\/\/teddybaby.md\/index.php?rest_route=%2Fwp%2Fv2%2Fproduct_cat&post=297"},{"taxonomy":"product_tag","embeddable":true,"href":"https:\/\/teddybaby.md\/index.php?rest_route=%2Fwp%2Fv2%2Fproduct_tag&post=297"}],"curies":[{"name":"wp","href":"https:\/\/api.w.org\/{rel}","templated":true}]}}