{"id":302,"date":"2022-12-28T11:32:12","date_gmt":"2022-12-28T09:32:12","guid":{"rendered":"https:\/\/teddybaby.md\/?post_type=product&#038;p=302"},"modified":"2022-12-28T11:32:12","modified_gmt":"2022-12-28T09:32:12","slug":"maleta-unicorn","status":"publish","type":"product","link":"https:\/\/teddybaby.md\/?product=maleta-unicorn","title":{"rendered":"Malet\u0103 Unicorn"},"content":{"rendered":"<p>Malet\u0103 Unicorn. Doua fire. Bumbac 60% elastan 40%. Desen multicolor imprimat.<\/p>\n<p>M\u0103rimmi la v\u00eersta 4 ani, 5 ani, 6 ani, 7 ani, 8 ani.<\/p>\n","protected":false},"excerpt":{"rendered":"<p>Malet\u0103 Unicorn. Doua fire. Bumbac 60% elastan 40%. Desen multicolor imprimat. M\u0103rimmi la v\u00eersta 4 ani, 5 ani, 6 ani, 7 ani, 8 ani.<\/p>\n","protected":false},"featured_media":303,"template":"","meta":[],"product_brand":[],"product_cat":[35],"product_tag":[67],"class_list":{"0":"post-302","1":"product","2":"type-product","3":"status-publish","4":"has-post-thumbnail","6":"product_cat-fetite","7":"product_tag-t150051","9":"first","10":"instock","11":"shipping-taxable","12":"purchasable","13":"product-type-simple"},"jetpack_sharing_enabled":true,"_links":{"self":[{"href":"https:\/\/teddybaby.md\/index.php?rest_route=\/wp\/v2\/product\/302","targetHints":{"allow":["GET"]}}],"collection":[{"href":"https:\/\/teddybaby.md\/index.php?rest_route=\/wp\/v2\/product"}],"about":[{"href":"https:\/\/teddybaby.md\/index.php?rest_route=\/wp\/v2\/types\/product"}],"wp:featuredmedia":[{"embeddable":true,"href":"https:\/\/teddybaby.md\/index.php?rest_route=\/wp\/v2\/media\/303"}],"wp:attachment":[{"href":"https:\/\/teddybaby.md\/index.php?rest_route=%2Fwp%2Fv2%2Fmedia&parent=302"}],"wp:term":[{"taxonomy":"product_brand","embeddable":true,"href":"https:\/\/teddybaby.md\/index.php?rest_route=%2Fwp%2Fv2%2Fproduct_brand&post=302"},{"taxonomy":"product_cat","embeddable":true,"href":"https:\/\/teddybaby.md\/index.php?rest_route=%2Fwp%2Fv2%2Fproduct_cat&post=302"},{"taxonomy":"product_tag","embeddable":true,"href":"https:\/\/teddybaby.md\/index.php?rest_route=%2Fwp%2Fv2%2Fproduct_tag&post=302"}],"curies":[{"name":"wp","href":"https:\/\/api.w.org\/{rel}","templated":true}]}}