{"id":308,"date":"2022-12-28T11:46:30","date_gmt":"2022-12-28T09:46:30","guid":{"rendered":"https:\/\/teddybaby.md\/?post_type=product&#038;p=308"},"modified":"2022-12-28T11:46:30","modified_gmt":"2022-12-28T09:46:30","slug":"maleta-uch","status":"publish","type":"product","link":"https:\/\/teddybaby.md\/?product=maleta-uch","title":{"rendered":"Malet\u0103 uch"},"content":{"rendered":"<p>Malet\u0103 uch. Doua fire. Bumbac 60% elastan 40%. Desen aplicat. Straze, perle.<\/p>\n<p>M\u0103rimmi la v\u00eersta 9 ani, 10 ani, 11 ani, 12 ani.<\/p>\n","protected":false},"excerpt":{"rendered":"<p>Malet\u0103 uch. Doua fire. Bumbac 60% elastan 40%. Desen aplicat. Straze, perle. M\u0103rimmi la v\u00eersta 9 ani, 10 ani, 11 ani, 12 ani.<\/p>\n","protected":false},"featured_media":309,"template":"","meta":[],"product_brand":[],"product_cat":[35],"product_tag":[70],"class_list":{"0":"post-308","1":"product","2":"type-product","3":"status-publish","4":"has-post-thumbnail","6":"product_cat-fetite","7":"product_tag-t142342","9":"first","10":"instock","11":"shipping-taxable","12":"purchasable","13":"product-type-simple"},"jetpack_sharing_enabled":true,"_links":{"self":[{"href":"https:\/\/teddybaby.md\/index.php?rest_route=\/wp\/v2\/product\/308","targetHints":{"allow":["GET"]}}],"collection":[{"href":"https:\/\/teddybaby.md\/index.php?rest_route=\/wp\/v2\/product"}],"about":[{"href":"https:\/\/teddybaby.md\/index.php?rest_route=\/wp\/v2\/types\/product"}],"wp:featuredmedia":[{"embeddable":true,"href":"https:\/\/teddybaby.md\/index.php?rest_route=\/wp\/v2\/media\/309"}],"wp:attachment":[{"href":"https:\/\/teddybaby.md\/index.php?rest_route=%2Fwp%2Fv2%2Fmedia&parent=308"}],"wp:term":[{"taxonomy":"product_brand","embeddable":true,"href":"https:\/\/teddybaby.md\/index.php?rest_route=%2Fwp%2Fv2%2Fproduct_brand&post=308"},{"taxonomy":"product_cat","embeddable":true,"href":"https:\/\/teddybaby.md\/index.php?rest_route=%2Fwp%2Fv2%2Fproduct_cat&post=308"},{"taxonomy":"product_tag","embeddable":true,"href":"https:\/\/teddybaby.md\/index.php?rest_route=%2Fwp%2Fv2%2Fproduct_tag&post=308"}],"curies":[{"name":"wp","href":"https:\/\/api.w.org\/{rel}","templated":true}]}}