{"id":315,"date":"2022-12-28T12:09:28","date_gmt":"2022-12-28T10:09:28","guid":{"rendered":"https:\/\/teddybaby.md\/?post_type=product&#038;p=315"},"modified":"2022-12-28T12:09:29","modified_gmt":"2022-12-28T10:09:29","slug":"mateta-car","status":"publish","type":"product","link":"https:\/\/teddybaby.md\/?product=mateta-car","title":{"rendered":"Matet\u0103 Car"},"content":{"rendered":"<p>Matet\u0103 Car. Doua fire. Bumbac 60% elastan 40%. Desen imprimat.<\/p>\n<p>M\u0103rimmi la v\u00eersta 1 ani, 2 ani, 3 ani, 4 ani.<\/p>\n","protected":false},"excerpt":{"rendered":"<p>Matet\u0103 Car. Doua fire. Bumbac 60% elastan 40%. Desen imprimat. M\u0103rimmi la v\u00eersta 1 ani, 2 ani, 3 ani, 4 ani.<\/p>\n","protected":false},"featured_media":316,"template":"","meta":[],"product_brand":[],"product_cat":[36],"product_tag":[73],"class_list":{"0":"post-315","1":"product","2":"type-product","3":"status-publish","4":"has-post-thumbnail","6":"product_cat-baitei","7":"product_tag-t35520","9":"first","10":"instock","11":"shipping-taxable","12":"purchasable","13":"product-type-simple"},"jetpack_sharing_enabled":true,"_links":{"self":[{"href":"https:\/\/teddybaby.md\/index.php?rest_route=\/wp\/v2\/product\/315","targetHints":{"allow":["GET"]}}],"collection":[{"href":"https:\/\/teddybaby.md\/index.php?rest_route=\/wp\/v2\/product"}],"about":[{"href":"https:\/\/teddybaby.md\/index.php?rest_route=\/wp\/v2\/types\/product"}],"wp:featuredmedia":[{"embeddable":true,"href":"https:\/\/teddybaby.md\/index.php?rest_route=\/wp\/v2\/media\/316"}],"wp:attachment":[{"href":"https:\/\/teddybaby.md\/index.php?rest_route=%2Fwp%2Fv2%2Fmedia&parent=315"}],"wp:term":[{"taxonomy":"product_brand","embeddable":true,"href":"https:\/\/teddybaby.md\/index.php?rest_route=%2Fwp%2Fv2%2Fproduct_brand&post=315"},{"taxonomy":"product_cat","embeddable":true,"href":"https:\/\/teddybaby.md\/index.php?rest_route=%2Fwp%2Fv2%2Fproduct_cat&post=315"},{"taxonomy":"product_tag","embeddable":true,"href":"https:\/\/teddybaby.md\/index.php?rest_route=%2Fwp%2Fv2%2Fproduct_tag&post=315"}],"curies":[{"name":"wp","href":"https:\/\/api.w.org\/{rel}","templated":true}]}}