{"id":319,"date":"2022-12-28T12:23:48","date_gmt":"2022-12-28T10:23:48","guid":{"rendered":"https:\/\/teddybaby.md\/?post_type=product&#038;p=319"},"modified":"2022-12-28T12:26:18","modified_gmt":"2022-12-28T10:26:18","slug":"maleta-urs","status":"publish","type":"product","link":"https:\/\/teddybaby.md\/?product=maleta-urs","title":{"rendered":"Malet\u0103 Urs"},"content":{"rendered":"<p>Malet\u0103 Urs. Doua fire. Bumbac 60% elastan 40%. Desen imprimat.<\/p>\n<p>M\u0103rimmi la v\u00eersta 1 ani, 2 ani, 3 ani, 4 ani.<\/p>\n","protected":false},"excerpt":{"rendered":"<p>Malet\u0103 Urs. Doua fire. Bumbac 60% elastan 40%. Desen imprimat. M\u0103rimmi la v\u00eersta 1 ani, 2 ani, 3 ani, 4 ani.<\/p>\n","protected":false},"featured_media":329,"template":"","meta":[],"product_brand":[],"product_cat":[36],"product_tag":[],"class_list":{"0":"post-319","1":"product","2":"type-product","3":"status-publish","4":"has-post-thumbnail","6":"product_cat-baitei","8":"first","9":"instock","10":"shipping-taxable","11":"purchasable","12":"product-type-simple"},"jetpack_sharing_enabled":true,"_links":{"self":[{"href":"https:\/\/teddybaby.md\/index.php?rest_route=\/wp\/v2\/product\/319","targetHints":{"allow":["GET"]}}],"collection":[{"href":"https:\/\/teddybaby.md\/index.php?rest_route=\/wp\/v2\/product"}],"about":[{"href":"https:\/\/teddybaby.md\/index.php?rest_route=\/wp\/v2\/types\/product"}],"wp:featuredmedia":[{"embeddable":true,"href":"https:\/\/teddybaby.md\/index.php?rest_route=\/wp\/v2\/media\/329"}],"wp:attachment":[{"href":"https:\/\/teddybaby.md\/index.php?rest_route=%2Fwp%2Fv2%2Fmedia&parent=319"}],"wp:term":[{"taxonomy":"product_brand","embeddable":true,"href":"https:\/\/teddybaby.md\/index.php?rest_route=%2Fwp%2Fv2%2Fproduct_brand&post=319"},{"taxonomy":"product_cat","embeddable":true,"href":"https:\/\/teddybaby.md\/index.php?rest_route=%2Fwp%2Fv2%2Fproduct_cat&post=319"},{"taxonomy":"product_tag","embeddable":true,"href":"https:\/\/teddybaby.md\/index.php?rest_route=%2Fwp%2Fv2%2Fproduct_tag&post=319"}],"curies":[{"name":"wp","href":"https:\/\/api.w.org\/{rel}","templated":true}]}}