{"id":328,"date":"2022-12-28T12:24:09","date_gmt":"2022-12-28T10:24:09","guid":{"rendered":"https:\/\/teddybaby.md\/?post_type=product&#038;p=328"},"modified":"2022-12-28T12:25:29","modified_gmt":"2022-12-28T10:25:29","slug":"maleta-goal","status":"publish","type":"product","link":"https:\/\/teddybaby.md\/?product=maleta-goal","title":{"rendered":"Malet\u0103 Goal"},"content":{"rendered":"<p>Malet\u0103 Goal. Doua fire. Bumbac 60% elastan 40%. Desen imprimat.<\/p>\n<p>M\u0103rimmi la v\u00eersta 1 ani, 2 ani, 3 ani, 4 ani.<\/p>\n","protected":false},"excerpt":{"rendered":"<p>Malet\u0103 Goal. Doua fire. Bumbac 60% elastan 40%. Desen imprimat. M\u0103rimmi la v\u00eersta 1 ani, 2 ani, 3 ani, 4 ani.<\/p>\n","protected":false},"featured_media":326,"template":"","meta":[],"product_brand":[],"product_cat":[36],"product_tag":[75],"class_list":{"0":"post-328","1":"product","2":"type-product","3":"status-publish","4":"has-post-thumbnail","6":"product_cat-baitei","7":"product_tag-t40400","9":"first","10":"instock","11":"shipping-taxable","12":"purchasable","13":"product-type-simple"},"jetpack_sharing_enabled":true,"_links":{"self":[{"href":"https:\/\/teddybaby.md\/index.php?rest_route=\/wp\/v2\/product\/328","targetHints":{"allow":["GET"]}}],"collection":[{"href":"https:\/\/teddybaby.md\/index.php?rest_route=\/wp\/v2\/product"}],"about":[{"href":"https:\/\/teddybaby.md\/index.php?rest_route=\/wp\/v2\/types\/product"}],"wp:featuredmedia":[{"embeddable":true,"href":"https:\/\/teddybaby.md\/index.php?rest_route=\/wp\/v2\/media\/326"}],"wp:attachment":[{"href":"https:\/\/teddybaby.md\/index.php?rest_route=%2Fwp%2Fv2%2Fmedia&parent=328"}],"wp:term":[{"taxonomy":"product_brand","embeddable":true,"href":"https:\/\/teddybaby.md\/index.php?rest_route=%2Fwp%2Fv2%2Fproduct_brand&post=328"},{"taxonomy":"product_cat","embeddable":true,"href":"https:\/\/teddybaby.md\/index.php?rest_route=%2Fwp%2Fv2%2Fproduct_cat&post=328"},{"taxonomy":"product_tag","embeddable":true,"href":"https:\/\/teddybaby.md\/index.php?rest_route=%2Fwp%2Fv2%2Fproduct_tag&post=328"}],"curies":[{"name":"wp","href":"https:\/\/api.w.org\/{rel}","templated":true}]}}