{"id":341,"date":"2022-12-28T12:38:36","date_gmt":"2022-12-28T10:38:36","guid":{"rendered":"https:\/\/teddybaby.md\/?post_type=product&#038;p=341"},"modified":"2023-01-26T14:08:03","modified_gmt":"2023-01-26T12:08:03","slug":"maleta-dino-for-funny","status":"publish","type":"product","link":"https:\/\/teddybaby.md\/?product=maleta-dino-for-funny","title":{"rendered":"Malet\u0103 Dino for funny"},"content":{"rendered":"<p>Malet\u0103 Dino for funny. Doua fire. Bumbac 60% elastan 40%. Desen imprimat.<\/p>\n<p>M\u0103rimmi la v\u00eersta 1 ani, 2 ani, 3 ani, 4 ani.<\/p>\n<p>Haine pentru copii<\/p>\n","protected":false},"excerpt":{"rendered":"<p>Malet\u0103 Dino for funny. Doua fire. Bumbac 60% elastan 40%. Desen imprimat. M\u0103rimmi la v\u00eersta 1 ani, 2 ani, 3 ani, 4 ani. Haine pentru copii<\/p>\n","protected":false},"featured_media":342,"template":"","meta":[],"product_brand":[],"product_cat":[36],"product_tag":[80],"class_list":{"0":"post-341","1":"product","2":"type-product","3":"status-publish","4":"has-post-thumbnail","6":"product_cat-baitei","7":"product_tag-t40060","9":"first","10":"instock","11":"shipping-taxable","12":"purchasable","13":"product-type-simple"},"jetpack_sharing_enabled":true,"_links":{"self":[{"href":"https:\/\/teddybaby.md\/index.php?rest_route=\/wp\/v2\/product\/341","targetHints":{"allow":["GET"]}}],"collection":[{"href":"https:\/\/teddybaby.md\/index.php?rest_route=\/wp\/v2\/product"}],"about":[{"href":"https:\/\/teddybaby.md\/index.php?rest_route=\/wp\/v2\/types\/product"}],"wp:featuredmedia":[{"embeddable":true,"href":"https:\/\/teddybaby.md\/index.php?rest_route=\/wp\/v2\/media\/342"}],"wp:attachment":[{"href":"https:\/\/teddybaby.md\/index.php?rest_route=%2Fwp%2Fv2%2Fmedia&parent=341"}],"wp:term":[{"taxonomy":"product_brand","embeddable":true,"href":"https:\/\/teddybaby.md\/index.php?rest_route=%2Fwp%2Fv2%2Fproduct_brand&post=341"},{"taxonomy":"product_cat","embeddable":true,"href":"https:\/\/teddybaby.md\/index.php?rest_route=%2Fwp%2Fv2%2Fproduct_cat&post=341"},{"taxonomy":"product_tag","embeddable":true,"href":"https:\/\/teddybaby.md\/index.php?rest_route=%2Fwp%2Fv2%2Fproduct_tag&post=341"}],"curies":[{"name":"wp","href":"https:\/\/api.w.org\/{rel}","templated":true}]}}