{"id":456,"date":"2023-03-14T14:58:03","date_gmt":"2023-03-14T12:58:03","guid":{"rendered":"https:\/\/teddybaby.md\/?post_type=product&#038;p=456"},"modified":"2023-03-14T14:58:04","modified_gmt":"2023-03-14T12:58:04","slug":"costum-dino","status":"publish","type":"product","link":"https:\/\/teddybaby.md\/?product=costum-dino","title":{"rendered":"Costum Dino"},"content":{"rendered":"<p>Costum Dino. \u021aesetura 2 fire imprimat\u0103<\/p>\n<p>M\u0103rimi la v\u00eersta 6 luni, 9 luni, 12 luni<\/p>\n","protected":false},"excerpt":{"rendered":"<p>Costum Dino. \u021aesetura 2 fire imprimat\u0103 M\u0103rimi la v\u00eersta 6 luni, 9 luni, 12 luni<\/p>\n","protected":false},"featured_media":457,"template":"","meta":[],"product_brand":[],"product_cat":[36,17],"product_tag":[107],"class_list":{"0":"post-456","1":"product","2":"type-product","3":"status-publish","4":"has-post-thumbnail","6":"product_cat-baitei","7":"product_cat-nounascuti","8":"product_tag-t989","10":"first","11":"instock","12":"shipping-taxable","13":"purchasable","14":"product-type-simple"},"jetpack_sharing_enabled":true,"_links":{"self":[{"href":"https:\/\/teddybaby.md\/index.php?rest_route=\/wp\/v2\/product\/456","targetHints":{"allow":["GET"]}}],"collection":[{"href":"https:\/\/teddybaby.md\/index.php?rest_route=\/wp\/v2\/product"}],"about":[{"href":"https:\/\/teddybaby.md\/index.php?rest_route=\/wp\/v2\/types\/product"}],"wp:featuredmedia":[{"embeddable":true,"href":"https:\/\/teddybaby.md\/index.php?rest_route=\/wp\/v2\/media\/457"}],"wp:attachment":[{"href":"https:\/\/teddybaby.md\/index.php?rest_route=%2Fwp%2Fv2%2Fmedia&parent=456"}],"wp:term":[{"taxonomy":"product_brand","embeddable":true,"href":"https:\/\/teddybaby.md\/index.php?rest_route=%2Fwp%2Fv2%2Fproduct_brand&post=456"},{"taxonomy":"product_cat","embeddable":true,"href":"https:\/\/teddybaby.md\/index.php?rest_route=%2Fwp%2Fv2%2Fproduct_cat&post=456"},{"taxonomy":"product_tag","embeddable":true,"href":"https:\/\/teddybaby.md\/index.php?rest_route=%2Fwp%2Fv2%2Fproduct_tag&post=456"}],"curies":[{"name":"wp","href":"https:\/\/api.w.org\/{rel}","templated":true}]}}