{"id":467,"date":"2023-03-21T14:01:55","date_gmt":"2023-03-21T12:01:55","guid":{"rendered":"https:\/\/teddybaby.md\/?post_type=product&#038;p=467"},"modified":"2023-03-21T14:01:56","modified_gmt":"2023-03-21T12:01:56","slug":"costum-gala-3-piese","status":"publish","type":"product","link":"https:\/\/teddybaby.md\/?product=costum-gala-3-piese","title":{"rendered":"Costum gal\u0103 3 piese"},"content":{"rendered":"<p>Costum gal\u0103 3 piese. Bumbac<\/p>\n<p>M\u0103rimi pentru v\u00eersta 3 luni, 6 luni, 9 luni<\/p>\n","protected":false},"excerpt":{"rendered":"<p>Costum gal\u0103 3 piese. Bumbac M\u0103rimi pentru v\u00eersta 3 luni, 6 luni, 9 luni<\/p>\n","protected":false},"featured_media":468,"template":"","meta":[],"product_brand":[],"product_cat":[36,17],"product_tag":[110],"class_list":{"0":"post-467","1":"product","2":"type-product","3":"status-publish","4":"has-post-thumbnail","6":"product_cat-baitei","7":"product_cat-nounascuti","8":"product_tag-t317","10":"first","11":"instock","12":"shipping-taxable","13":"purchasable","14":"product-type-simple"},"jetpack_sharing_enabled":true,"_links":{"self":[{"href":"https:\/\/teddybaby.md\/index.php?rest_route=\/wp\/v2\/product\/467","targetHints":{"allow":["GET"]}}],"collection":[{"href":"https:\/\/teddybaby.md\/index.php?rest_route=\/wp\/v2\/product"}],"about":[{"href":"https:\/\/teddybaby.md\/index.php?rest_route=\/wp\/v2\/types\/product"}],"wp:featuredmedia":[{"embeddable":true,"href":"https:\/\/teddybaby.md\/index.php?rest_route=\/wp\/v2\/media\/468"}],"wp:attachment":[{"href":"https:\/\/teddybaby.md\/index.php?rest_route=%2Fwp%2Fv2%2Fmedia&parent=467"}],"wp:term":[{"taxonomy":"product_brand","embeddable":true,"href":"https:\/\/teddybaby.md\/index.php?rest_route=%2Fwp%2Fv2%2Fproduct_brand&post=467"},{"taxonomy":"product_cat","embeddable":true,"href":"https:\/\/teddybaby.md\/index.php?rest_route=%2Fwp%2Fv2%2Fproduct_cat&post=467"},{"taxonomy":"product_tag","embeddable":true,"href":"https:\/\/teddybaby.md\/index.php?rest_route=%2Fwp%2Fv2%2Fproduct_tag&post=467"}],"curies":[{"name":"wp","href":"https:\/\/api.w.org\/{rel}","templated":true}]}}