{"id":571,"date":"2023-07-14T12:03:18","date_gmt":"2023-07-14T10:03:18","guid":{"rendered":"https:\/\/teddybaby.md\/?post_type=product&#038;p=571"},"modified":"2023-07-14T12:05:19","modified_gmt":"2023-07-14T10:05:19","slug":"maleta-bluza-3","status":"publish","type":"product","link":"https:\/\/teddybaby.md\/?product=maleta-bluza-3","title":{"rendered":"Malet\u0103 bluz\u0103"},"content":{"rendered":"<p>Malet\u0103 bluz\u0103 pentru scoal\u0103. Bumbac 80%, elastan 15%.<\/p>\n<p>M\u0103rimi la v\u00e2rsta 7 ani, 8 ani, 9 ani, 10 ani, 11 ani, 12 ani.<\/p>\n<p>&nbsp;<\/p>\n","protected":false},"excerpt":{"rendered":"<p>Malet\u0103 bluz\u0103 pentru scoal\u0103. Bumbac 80%, elastan 15%. M\u0103rimi la v\u00e2rsta 7 ani, 8 ani, 9 ani, 10 ani, 11 ani, 12 ani. &nbsp;<\/p>\n","protected":false},"featured_media":572,"template":"","meta":[],"product_brand":[],"product_cat":[35,125],"product_tag":[129],"class_list":{"0":"post-571","1":"product","2":"type-product","3":"status-publish","4":"has-post-thumbnail","6":"product_cat-fetite","7":"product_cat-scoala","8":"product_tag-dv35","10":"first","11":"instock","12":"shipping-taxable","13":"purchasable","14":"product-type-simple"},"jetpack_sharing_enabled":true,"_links":{"self":[{"href":"https:\/\/teddybaby.md\/index.php?rest_route=\/wp\/v2\/product\/571","targetHints":{"allow":["GET"]}}],"collection":[{"href":"https:\/\/teddybaby.md\/index.php?rest_route=\/wp\/v2\/product"}],"about":[{"href":"https:\/\/teddybaby.md\/index.php?rest_route=\/wp\/v2\/types\/product"}],"wp:featuredmedia":[{"embeddable":true,"href":"https:\/\/teddybaby.md\/index.php?rest_route=\/wp\/v2\/media\/572"}],"wp:attachment":[{"href":"https:\/\/teddybaby.md\/index.php?rest_route=%2Fwp%2Fv2%2Fmedia&parent=571"}],"wp:term":[{"taxonomy":"product_brand","embeddable":true,"href":"https:\/\/teddybaby.md\/index.php?rest_route=%2Fwp%2Fv2%2Fproduct_brand&post=571"},{"taxonomy":"product_cat","embeddable":true,"href":"https:\/\/teddybaby.md\/index.php?rest_route=%2Fwp%2Fv2%2Fproduct_cat&post=571"},{"taxonomy":"product_tag","embeddable":true,"href":"https:\/\/teddybaby.md\/index.php?rest_route=%2Fwp%2Fv2%2Fproduct_tag&post=571"}],"curies":[{"name":"wp","href":"https:\/\/api.w.org\/{rel}","templated":true}]}}