{"id":609,"date":"2023-09-18T12:43:16","date_gmt":"2023-09-18T10:43:16","guid":{"rendered":"https:\/\/teddybaby.md\/?post_type=product&#038;p=609"},"modified":"2023-09-18T12:43:16","modified_gmt":"2023-09-18T10:43:16","slug":"costum-sport","status":"publish","type":"product","link":"https:\/\/teddybaby.md\/?product=costum-sport","title":{"rendered":"Costum sport"},"content":{"rendered":"<p>Costum sport cu glug\u0103<\/p>\n<p>M\u0103rimi la v\u00eersta 2 ani, 3ani, 4 ani, 5 ani, 6 ani<\/p>\n","protected":false},"excerpt":{"rendered":"<p>Costum sport cu glug\u0103 M\u0103rimi la v\u00eersta 2 ani, 3ani, 4 ani, 5 ani, 6 ani<\/p>\n","protected":false},"featured_media":610,"template":"","meta":[],"product_brand":[],"product_cat":[36,35],"product_tag":[133],"class_list":{"0":"post-609","1":"product","2":"type-product","3":"status-publish","4":"has-post-thumbnail","6":"product_cat-baitei","7":"product_cat-fetite","8":"product_tag-t60145","10":"first","11":"instock","12":"shipping-taxable","13":"purchasable","14":"product-type-simple"},"jetpack_sharing_enabled":true,"_links":{"self":[{"href":"https:\/\/teddybaby.md\/index.php?rest_route=\/wp\/v2\/product\/609","targetHints":{"allow":["GET"]}}],"collection":[{"href":"https:\/\/teddybaby.md\/index.php?rest_route=\/wp\/v2\/product"}],"about":[{"href":"https:\/\/teddybaby.md\/index.php?rest_route=\/wp\/v2\/types\/product"}],"wp:featuredmedia":[{"embeddable":true,"href":"https:\/\/teddybaby.md\/index.php?rest_route=\/wp\/v2\/media\/610"}],"wp:attachment":[{"href":"https:\/\/teddybaby.md\/index.php?rest_route=%2Fwp%2Fv2%2Fmedia&parent=609"}],"wp:term":[{"taxonomy":"product_brand","embeddable":true,"href":"https:\/\/teddybaby.md\/index.php?rest_route=%2Fwp%2Fv2%2Fproduct_brand&post=609"},{"taxonomy":"product_cat","embeddable":true,"href":"https:\/\/teddybaby.md\/index.php?rest_route=%2Fwp%2Fv2%2Fproduct_cat&post=609"},{"taxonomy":"product_tag","embeddable":true,"href":"https:\/\/teddybaby.md\/index.php?rest_route=%2Fwp%2Fv2%2Fproduct_tag&post=609"}],"curies":[{"name":"wp","href":"https:\/\/api.w.org\/{rel}","templated":true}]}}