{"id":752,"date":"2024-04-16T10:15:38","date_gmt":"2024-04-16T08:15:38","guid":{"rendered":"https:\/\/teddybaby.md\/?post_type=product&#038;p=752"},"modified":"2024-04-16T10:15:39","modified_gmt":"2024-04-16T08:15:39","slug":"pantaloni-scurti-3","status":"publish","type":"product","link":"https:\/\/teddybaby.md\/?product=pantaloni-scurti-3","title":{"rendered":"Pantaloni scur\u021bi"},"content":{"rendered":"<div dir=\"auto\">Pantaloni scur\u021bi baie\u021bi. \u021aesetur\u0103 2 fire. Desen imprimat.<\/div>\n<div dir=\"auto\">M\u0103rimi la v\u00e2rsta de la 5 la 15 ani.<\/div>\n","protected":false},"excerpt":{"rendered":"<p>Pantaloni scur\u021bi baie\u021bi. \u021aesetur\u0103 2 fire. Desen imprimat. M\u0103rimi la v\u00e2rsta de la 5 la 15 ani.<\/p>\n","protected":false},"featured_media":754,"template":"","meta":[],"product_brand":[],"product_cat":[36],"product_tag":[159],"class_list":{"0":"post-752","1":"product","2":"type-product","3":"status-publish","4":"has-post-thumbnail","6":"product_cat-baitei","7":"product_tag-t301643","9":"first","10":"instock","11":"shipping-taxable","12":"purchasable","13":"product-type-simple"},"jetpack_sharing_enabled":true,"_links":{"self":[{"href":"https:\/\/teddybaby.md\/index.php?rest_route=\/wp\/v2\/product\/752","targetHints":{"allow":["GET"]}}],"collection":[{"href":"https:\/\/teddybaby.md\/index.php?rest_route=\/wp\/v2\/product"}],"about":[{"href":"https:\/\/teddybaby.md\/index.php?rest_route=\/wp\/v2\/types\/product"}],"wp:featuredmedia":[{"embeddable":true,"href":"https:\/\/teddybaby.md\/index.php?rest_route=\/wp\/v2\/media\/754"}],"wp:attachment":[{"href":"https:\/\/teddybaby.md\/index.php?rest_route=%2Fwp%2Fv2%2Fmedia&parent=752"}],"wp:term":[{"taxonomy":"product_brand","embeddable":true,"href":"https:\/\/teddybaby.md\/index.php?rest_route=%2Fwp%2Fv2%2Fproduct_brand&post=752"},{"taxonomy":"product_cat","embeddable":true,"href":"https:\/\/teddybaby.md\/index.php?rest_route=%2Fwp%2Fv2%2Fproduct_cat&post=752"},{"taxonomy":"product_tag","embeddable":true,"href":"https:\/\/teddybaby.md\/index.php?rest_route=%2Fwp%2Fv2%2Fproduct_tag&post=752"}],"curies":[{"name":"wp","href":"https:\/\/api.w.org\/{rel}","templated":true}]}}