{"id":761,"date":"2024-04-16T11:07:08","date_gmt":"2024-04-16T09:07:08","guid":{"rendered":"https:\/\/teddybaby.md\/?post_type=product&#038;p=761"},"modified":"2024-04-16T12:47:31","modified_gmt":"2024-04-16T10:47:31","slug":"costum-dunga","status":"publish","type":"product","link":"https:\/\/teddybaby.md\/?product=costum-dunga","title":{"rendered":"Costum Dung\u0103"},"content":{"rendered":"<p>Costum Dung\u0103. Tesetura de in.<\/p>\n<p>M\u0103rimi la v\u00e2rsta 1 an, 2 ani, 3 ani, 4 ani.<\/p>\n","protected":false},"excerpt":{"rendered":"<p>Costum Dung\u0103. Tesetura de in. M\u0103rimi la v\u00e2rsta 1 an, 2 ani, 3 ani, 4 ani.<\/p>\n","protected":false},"featured_media":762,"template":"","meta":[],"product_brand":[],"product_cat":[36],"product_tag":[161],"class_list":{"0":"post-761","1":"product","2":"type-product","3":"status-publish","4":"has-post-thumbnail","6":"product_cat-baitei","7":"product_tag-t3415","9":"first","10":"instock","11":"shipping-taxable","12":"purchasable","13":"product-type-simple"},"jetpack_sharing_enabled":true,"_links":{"self":[{"href":"https:\/\/teddybaby.md\/index.php?rest_route=\/wp\/v2\/product\/761","targetHints":{"allow":["GET"]}}],"collection":[{"href":"https:\/\/teddybaby.md\/index.php?rest_route=\/wp\/v2\/product"}],"about":[{"href":"https:\/\/teddybaby.md\/index.php?rest_route=\/wp\/v2\/types\/product"}],"wp:featuredmedia":[{"embeddable":true,"href":"https:\/\/teddybaby.md\/index.php?rest_route=\/wp\/v2\/media\/762"}],"wp:attachment":[{"href":"https:\/\/teddybaby.md\/index.php?rest_route=%2Fwp%2Fv2%2Fmedia&parent=761"}],"wp:term":[{"taxonomy":"product_brand","embeddable":true,"href":"https:\/\/teddybaby.md\/index.php?rest_route=%2Fwp%2Fv2%2Fproduct_brand&post=761"},{"taxonomy":"product_cat","embeddable":true,"href":"https:\/\/teddybaby.md\/index.php?rest_route=%2Fwp%2Fv2%2Fproduct_cat&post=761"},{"taxonomy":"product_tag","embeddable":true,"href":"https:\/\/teddybaby.md\/index.php?rest_route=%2Fwp%2Fv2%2Fproduct_tag&post=761"}],"curies":[{"name":"wp","href":"https:\/\/api.w.org\/{rel}","templated":true}]}}