{"id":773,"date":"2024-04-16T13:19:59","date_gmt":"2024-04-16T11:19:59","guid":{"rendered":"https:\/\/teddybaby.md\/?post_type=product&#038;p=773"},"modified":"2024-04-16T13:19:59","modified_gmt":"2024-04-16T11:19:59","slug":"costum-hawai","status":"publish","type":"product","link":"https:\/\/teddybaby.md\/?product=costum-hawai","title":{"rendered":"Costum Hawai"},"content":{"rendered":"<p>Costum Hawai. \u021aesetur\u0103 de in<\/p>\n<p>M\u0103rimi la v\u00e2rsta 6 luni, 9 luni, 12 luni, 18 luni<\/p>\n","protected":false},"excerpt":{"rendered":"<p>Costum Hawai. \u021aesetur\u0103 de in M\u0103rimi la v\u00e2rsta 6 luni, 9 luni, 12 luni, 18 luni<\/p>\n","protected":false},"featured_media":774,"template":"","meta":[],"product_brand":[],"product_cat":[36,17],"product_tag":[167],"class_list":{"0":"post-773","1":"product","2":"type-product","3":"status-publish","4":"has-post-thumbnail","6":"product_cat-baitei","7":"product_cat-nounascuti","8":"product_tag-t2495","10":"first","11":"instock","12":"shipping-taxable","13":"purchasable","14":"product-type-simple"},"jetpack_sharing_enabled":true,"_links":{"self":[{"href":"https:\/\/teddybaby.md\/index.php?rest_route=\/wp\/v2\/product\/773","targetHints":{"allow":["GET"]}}],"collection":[{"href":"https:\/\/teddybaby.md\/index.php?rest_route=\/wp\/v2\/product"}],"about":[{"href":"https:\/\/teddybaby.md\/index.php?rest_route=\/wp\/v2\/types\/product"}],"wp:featuredmedia":[{"embeddable":true,"href":"https:\/\/teddybaby.md\/index.php?rest_route=\/wp\/v2\/media\/774"}],"wp:attachment":[{"href":"https:\/\/teddybaby.md\/index.php?rest_route=%2Fwp%2Fv2%2Fmedia&parent=773"}],"wp:term":[{"taxonomy":"product_brand","embeddable":true,"href":"https:\/\/teddybaby.md\/index.php?rest_route=%2Fwp%2Fv2%2Fproduct_brand&post=773"},{"taxonomy":"product_cat","embeddable":true,"href":"https:\/\/teddybaby.md\/index.php?rest_route=%2Fwp%2Fv2%2Fproduct_cat&post=773"},{"taxonomy":"product_tag","embeddable":true,"href":"https:\/\/teddybaby.md\/index.php?rest_route=%2Fwp%2Fv2%2Fproduct_tag&post=773"}],"curies":[{"name":"wp","href":"https:\/\/api.w.org\/{rel}","templated":true}]}}