{"id":865,"date":"2024-10-07T15:34:00","date_gmt":"2024-10-07T13:34:00","guid":{"rendered":"https:\/\/teddybaby.md\/?post_type=product&#038;p=865"},"modified":"2024-10-07T15:34:00","modified_gmt":"2024-10-07T13:34:00","slug":"costumas-v","status":"publish","type":"product","link":"https:\/\/teddybaby.md\/?product=costumas-v","title":{"rendered":"Costuma\u0219 V"},"content":{"rendered":"<p>Costuma\u0219 V feti\u021be<\/p>\n<p>Tesetur\u0103 3 fire, desen imprimat<\/p>\n<p>M\u0103rimi la v\u00e2rsta de la 9 la 24 luni<\/p>\n","protected":false},"excerpt":{"rendered":"<p>Costuma\u0219 V feti\u021be Tesetur\u0103 3 fire, desen imprimat M\u0103rimi la v\u00e2rsta de la 9 la 24 luni<\/p>\n","protected":false},"featured_media":866,"template":"","meta":[],"product_brand":[],"product_cat":[35,17],"product_tag":[185],"class_list":{"0":"post-865","1":"product","2":"type-product","3":"status-publish","4":"has-post-thumbnail","6":"product_cat-fetite","7":"product_cat-nounascuti","8":"product_tag-t9898","10":"first","11":"instock","12":"shipping-taxable","13":"purchasable","14":"product-type-simple"},"jetpack_sharing_enabled":true,"_links":{"self":[{"href":"https:\/\/teddybaby.md\/index.php?rest_route=\/wp\/v2\/product\/865","targetHints":{"allow":["GET"]}}],"collection":[{"href":"https:\/\/teddybaby.md\/index.php?rest_route=\/wp\/v2\/product"}],"about":[{"href":"https:\/\/teddybaby.md\/index.php?rest_route=\/wp\/v2\/types\/product"}],"wp:featuredmedia":[{"embeddable":true,"href":"https:\/\/teddybaby.md\/index.php?rest_route=\/wp\/v2\/media\/866"}],"wp:attachment":[{"href":"https:\/\/teddybaby.md\/index.php?rest_route=%2Fwp%2Fv2%2Fmedia&parent=865"}],"wp:term":[{"taxonomy":"product_brand","embeddable":true,"href":"https:\/\/teddybaby.md\/index.php?rest_route=%2Fwp%2Fv2%2Fproduct_brand&post=865"},{"taxonomy":"product_cat","embeddable":true,"href":"https:\/\/teddybaby.md\/index.php?rest_route=%2Fwp%2Fv2%2Fproduct_cat&post=865"},{"taxonomy":"product_tag","embeddable":true,"href":"https:\/\/teddybaby.md\/index.php?rest_route=%2Fwp%2Fv2%2Fproduct_tag&post=865"}],"curies":[{"name":"wp","href":"https:\/\/api.w.org\/{rel}","templated":true}]}}