{"id":895,"date":"2025-01-25T15:02:14","date_gmt":"2025-01-25T13:02:14","guid":{"rendered":"https:\/\/teddybaby.md\/?post_type=product&#038;p=895"},"modified":"2025-01-25T15:02:14","modified_gmt":"2025-01-25T13:02:14","slug":"costumas-belive-in-love","status":"publish","type":"product","link":"https:\/\/teddybaby.md\/?product=costumas-belive-in-love","title":{"rendered":"Costuma\u0219 Belive in Love"},"content":{"rendered":"<p>Costuma\u0219 Belive in Love. Vest\u0103+malet\u0103+pantalona\u0219. Stof\u0103 2 fire. Desene imprimate.<\/p>\n<p>M\u0103rimi la v\u00e2rsta 6 luni, 9 luni, 12 luni, 18 luni, 24 luni<\/p>\n","protected":false},"excerpt":{"rendered":"<p>Costuma\u0219 Belive in Love. Vest\u0103+malet\u0103+pantalona\u0219. Stof\u0103 2 fire. Desene imprimate. M\u0103rimi la v\u00e2rsta 6 luni, 9 luni, 12 luni, 18 luni, 24 luni<\/p>\n","protected":false},"featured_media":896,"template":"","meta":[],"product_brand":[],"product_cat":[35,17],"product_tag":[191],"class_list":{"0":"post-895","1":"product","2":"type-product","3":"status-publish","4":"has-post-thumbnail","6":"product_cat-fetite","7":"product_cat-nounascuti","8":"product_tag-t50535","10":"first","11":"instock","12":"shipping-taxable","13":"purchasable","14":"product-type-simple"},"jetpack_sharing_enabled":true,"_links":{"self":[{"href":"https:\/\/teddybaby.md\/index.php?rest_route=\/wp\/v2\/product\/895","targetHints":{"allow":["GET"]}}],"collection":[{"href":"https:\/\/teddybaby.md\/index.php?rest_route=\/wp\/v2\/product"}],"about":[{"href":"https:\/\/teddybaby.md\/index.php?rest_route=\/wp\/v2\/types\/product"}],"wp:featuredmedia":[{"embeddable":true,"href":"https:\/\/teddybaby.md\/index.php?rest_route=\/wp\/v2\/media\/896"}],"wp:attachment":[{"href":"https:\/\/teddybaby.md\/index.php?rest_route=%2Fwp%2Fv2%2Fmedia&parent=895"}],"wp:term":[{"taxonomy":"product_brand","embeddable":true,"href":"https:\/\/teddybaby.md\/index.php?rest_route=%2Fwp%2Fv2%2Fproduct_brand&post=895"},{"taxonomy":"product_cat","embeddable":true,"href":"https:\/\/teddybaby.md\/index.php?rest_route=%2Fwp%2Fv2%2Fproduct_cat&post=895"},{"taxonomy":"product_tag","embeddable":true,"href":"https:\/\/teddybaby.md\/index.php?rest_route=%2Fwp%2Fv2%2Fproduct_tag&post=895"}],"curies":[{"name":"wp","href":"https:\/\/api.w.org\/{rel}","templated":true}]}}