{"id":943,"date":"2025-01-29T10:58:36","date_gmt":"2025-01-29T08:58:36","guid":{"rendered":"https:\/\/teddybaby.md\/?post_type=product&#038;p=943"},"modified":"2025-01-29T10:58:36","modified_gmt":"2025-01-29T08:58:36","slug":"salopeta-iarna","status":"publish","type":"product","link":"https:\/\/teddybaby.md\/?product=salopeta-iarna","title":{"rendered":"Salopet\u0103 iarna"},"content":{"rendered":"<p>Salopet\u0103 iarna. Cu glug\u0103, duplata cu wellsoft.<\/p>\n<p>M\u0103rimi la v\u00e2rsta 6 luni, 9 luni, 12 luni, 18 luni, 24 luni<\/p>\n","protected":false},"excerpt":{"rendered":"<p>Salopet\u0103 iarna. Cu glug\u0103, duplata cu wellsoft. M\u0103rimi la v\u00e2rsta 6 luni, 9 luni, 12 luni, 18 luni, 24 luni<\/p>\n","protected":false},"featured_media":944,"template":"","meta":[],"product_brand":[],"product_cat":[35,17],"product_tag":[200],"class_list":{"0":"post-943","1":"product","2":"type-product","3":"status-publish","4":"has-post-thumbnail","6":"product_cat-fetite","7":"product_cat-nounascuti","8":"product_tag-t14033","10":"first","11":"instock","12":"shipping-taxable","13":"purchasable","14":"product-type-simple"},"jetpack_sharing_enabled":true,"_links":{"self":[{"href":"https:\/\/teddybaby.md\/index.php?rest_route=\/wp\/v2\/product\/943","targetHints":{"allow":["GET"]}}],"collection":[{"href":"https:\/\/teddybaby.md\/index.php?rest_route=\/wp\/v2\/product"}],"about":[{"href":"https:\/\/teddybaby.md\/index.php?rest_route=\/wp\/v2\/types\/product"}],"wp:featuredmedia":[{"embeddable":true,"href":"https:\/\/teddybaby.md\/index.php?rest_route=\/wp\/v2\/media\/944"}],"wp:attachment":[{"href":"https:\/\/teddybaby.md\/index.php?rest_route=%2Fwp%2Fv2%2Fmedia&parent=943"}],"wp:term":[{"taxonomy":"product_brand","embeddable":true,"href":"https:\/\/teddybaby.md\/index.php?rest_route=%2Fwp%2Fv2%2Fproduct_brand&post=943"},{"taxonomy":"product_cat","embeddable":true,"href":"https:\/\/teddybaby.md\/index.php?rest_route=%2Fwp%2Fv2%2Fproduct_cat&post=943"},{"taxonomy":"product_tag","embeddable":true,"href":"https:\/\/teddybaby.md\/index.php?rest_route=%2Fwp%2Fv2%2Fproduct_tag&post=943"}],"curies":[{"name":"wp","href":"https:\/\/api.w.org\/{rel}","templated":true}]}}