{"id":951,"date":"2025-01-29T13:03:38","date_gmt":"2025-01-29T11:03:38","guid":{"rendered":"https:\/\/teddybaby.md\/?post_type=product&#038;p=951"},"modified":"2025-01-29T13:03:38","modified_gmt":"2025-01-29T11:03:38","slug":"costumas-bear-b","status":"publish","type":"product","link":"https:\/\/teddybaby.md\/?product=costumas-bear-b","title":{"rendered":"Costuma\u0219 Bear B"},"content":{"rendered":"<p>Costuma\u0219 Bear B. Pantalona\u0219+Maletu\u021b\u0103+Vestu\u021b\u0103. \u021aesetur\u0103 doua fire. Desen aplica, imprimat.<\/p>\n<p>M\u0103rimi la v\u00e2rsta 6 luni, 9 luni, 12 luni, 18 luni<\/p>\n","protected":false},"excerpt":{"rendered":"<p>Costuma\u0219 Bear B. Pantalona\u0219+Maletu\u021b\u0103+Vestu\u021b\u0103. \u021aesetur\u0103 doua fire. Desen aplica, imprimat. M\u0103rimi la v\u00e2rsta 6 luni, 9 luni, 12 luni, 18 luni<\/p>\n","protected":false},"featured_media":952,"template":"","meta":[],"product_brand":[],"product_cat":[36,17],"product_tag":[202],"class_list":{"0":"post-951","1":"product","2":"type-product","3":"status-publish","4":"has-post-thumbnail","6":"product_cat-baitei","7":"product_cat-nounascuti","8":"product_tag-t606","10":"first","11":"instock","12":"shipping-taxable","13":"purchasable","14":"product-type-simple"},"jetpack_sharing_enabled":true,"_links":{"self":[{"href":"https:\/\/teddybaby.md\/index.php?rest_route=\/wp\/v2\/product\/951","targetHints":{"allow":["GET"]}}],"collection":[{"href":"https:\/\/teddybaby.md\/index.php?rest_route=\/wp\/v2\/product"}],"about":[{"href":"https:\/\/teddybaby.md\/index.php?rest_route=\/wp\/v2\/types\/product"}],"wp:featuredmedia":[{"embeddable":true,"href":"https:\/\/teddybaby.md\/index.php?rest_route=\/wp\/v2\/media\/952"}],"wp:attachment":[{"href":"https:\/\/teddybaby.md\/index.php?rest_route=%2Fwp%2Fv2%2Fmedia&parent=951"}],"wp:term":[{"taxonomy":"product_brand","embeddable":true,"href":"https:\/\/teddybaby.md\/index.php?rest_route=%2Fwp%2Fv2%2Fproduct_brand&post=951"},{"taxonomy":"product_cat","embeddable":true,"href":"https:\/\/teddybaby.md\/index.php?rest_route=%2Fwp%2Fv2%2Fproduct_cat&post=951"},{"taxonomy":"product_tag","embeddable":true,"href":"https:\/\/teddybaby.md\/index.php?rest_route=%2Fwp%2Fv2%2Fproduct_tag&post=951"}],"curies":[{"name":"wp","href":"https:\/\/api.w.org\/{rel}","templated":true}]}}