{"id":987,"date":"2025-02-08T12:59:22","date_gmt":"2025-02-08T10:59:22","guid":{"rendered":"https:\/\/teddybaby.md\/?post_type=product&#038;p=987"},"modified":"2025-02-08T12:59:22","modified_gmt":"2025-02-08T10:59:22","slug":"hanorac-stoper","status":"publish","type":"product","link":"https:\/\/teddybaby.md\/?product=hanorac-stoper","title":{"rendered":"Hanorac Stoper"},"content":{"rendered":"<p>Hanorac Stoper. \u021aesetur\u0103 3 fire. Desen Imprimat<\/p>\n<p>M\u0103rimi la v\u00e2rsta 5 ani, 6 ani, 7 ani, 8 ani.<\/p>\n","protected":false},"excerpt":{"rendered":"<p>Hanorac Stoper. \u021aesetur\u0103 3 fire. Desen Imprimat M\u0103rimi la v\u00e2rsta 5 ani, 6 ani, 7 ani, 8 ani.<\/p>\n","protected":false},"featured_media":989,"template":"","meta":[],"product_brand":[],"product_cat":[36],"product_tag":[209],"class_list":{"0":"post-987","1":"product","2":"type-product","3":"status-publish","4":"has-post-thumbnail","6":"product_cat-baitei","7":"product_tag-t193021","9":"first","10":"instock","11":"shipping-taxable","12":"purchasable","13":"product-type-simple"},"jetpack_sharing_enabled":true,"_links":{"self":[{"href":"https:\/\/teddybaby.md\/index.php?rest_route=\/wp\/v2\/product\/987","targetHints":{"allow":["GET"]}}],"collection":[{"href":"https:\/\/teddybaby.md\/index.php?rest_route=\/wp\/v2\/product"}],"about":[{"href":"https:\/\/teddybaby.md\/index.php?rest_route=\/wp\/v2\/types\/product"}],"wp:featuredmedia":[{"embeddable":true,"href":"https:\/\/teddybaby.md\/index.php?rest_route=\/wp\/v2\/media\/989"}],"wp:attachment":[{"href":"https:\/\/teddybaby.md\/index.php?rest_route=%2Fwp%2Fv2%2Fmedia&parent=987"}],"wp:term":[{"taxonomy":"product_brand","embeddable":true,"href":"https:\/\/teddybaby.md\/index.php?rest_route=%2Fwp%2Fv2%2Fproduct_brand&post=987"},{"taxonomy":"product_cat","embeddable":true,"href":"https:\/\/teddybaby.md\/index.php?rest_route=%2Fwp%2Fv2%2Fproduct_cat&post=987"},{"taxonomy":"product_tag","embeddable":true,"href":"https:\/\/teddybaby.md\/index.php?rest_route=%2Fwp%2Fv2%2Fproduct_tag&post=987"}],"curies":[{"name":"wp","href":"https:\/\/api.w.org\/{rel}","templated":true}]}}